{"id":113,"date":"2015-10-22T14:34:37","date_gmt":"2015-10-22T12:34:37","guid":{"rendered":"http:\/\/test.kriesi.at\/construction\/?page_id=113"},"modified":"2022-03-04T00:53:46","modified_gmt":"2022-03-03T23:53:46","slug":"bauleitung-und-consulting","status":"publish","type":"page","link":"https:\/\/www.m-s-planungsbuero.de\/?page_id=113","title":{"rendered":"Bauleitung &#038; Consulting"},"content":{"rendered":"\n<style type=\"text\/css\" data-created_by=\"avia_inline_auto\" id=\"style-css-av-3fsqzl-1837608bc57b46ab091cbbffe9bd2254\">\n#top .flex_column.av-3fsqzl-1837608bc57b46ab091cbbffe9bd2254{\nmargin-top:0px;\nmargin-bottom:0px;\n}\n.flex_column.av-3fsqzl-1837608bc57b46ab091cbbffe9bd2254{\nborder-radius:0px 0px 0px 0px;\npadding:0px 0px 0px 0px;\n}\n.responsive #top #wrap_all .flex_column.av-3fsqzl-1837608bc57b46ab091cbbffe9bd2254{\nmargin-top:0px;\nmargin-bottom:0px;\n}\n<\/style>\n<div  class='flex_column av-3fsqzl-1837608bc57b46ab091cbbffe9bd2254 av_one_full  avia-builder-el-0  el_before_av_one_full  avia-builder-el-first  first flex_column_div av-animated-generic bottom-to-top av-zero-column-padding  '     ><p>\n<style type=\"text\/css\" data-created_by=\"avia_inline_auto\" id=\"style-css-av-kl9yazeu-6d7cd10d18aec76d9695af4c986d9f3c\">\n#top .av-special-heading.av-kl9yazeu-6d7cd10d18aec76d9695af4c986d9f3c{\npadding-bottom:0;\n}\nbody .av-special-heading.av-kl9yazeu-6d7cd10d18aec76d9695af4c986d9f3c .av-special-heading-tag .heading-char{\nfont-size:25px;\n}\n.av-special-heading.av-kl9yazeu-6d7cd10d18aec76d9695af4c986d9f3c .av-subheading{\nfont-size:15px;\n}\n<\/style>\n<div  class='av-special-heading av-kl9yazeu-6d7cd10d18aec76d9695af4c986d9f3c av-special-heading-h1 blockquote modern-quote  avia-builder-el-1  el_before_av_hr  avia-builder-el-first '><h1 class='av-special-heading-tag '  itemprop=\"headline\"  >Bauleitung <span class='special_amp'>&amp;<\/span> Consulting<\/h1><div class=\"special-heading-border\"><div class=\"special-heading-inner-border\"><\/div><\/div><\/div><br \/>\n\n<style type=\"text\/css\" data-created_by=\"avia_inline_auto\" id=\"style-css-av-34z2ft-469994e7ce8a90e272a17b3b96fbed82\">\n#top .hr.av-34z2ft-469994e7ce8a90e272a17b3b96fbed82{\nmargin-top:10px;\nmargin-bottom:10px;\n}\n.hr.av-34z2ft-469994e7ce8a90e272a17b3b96fbed82 .hr-inner{\nwidth:50px;\nborder-color:#918a56;\n}\n<\/style>\n<div  class='hr av-34z2ft-469994e7ce8a90e272a17b3b96fbed82 hr-custom  avia-builder-el-2  el_after_av_heading  avia-builder-el-last  hr-left hr-icon-no'><span class='hr-inner inner-border-av-border-fat'><span class=\"hr-inner-style\"><\/span><\/span><\/div><\/p><\/div>\n\n<style type=\"text\/css\" data-created_by=\"avia_inline_auto\" id=\"style-css-av-2x0ya9-412d0fe846f77c3db836f864c6ae1348\">\n#top .flex_column.av-2x0ya9-412d0fe846f77c3db836f864c6ae1348{\nmargin-top:0px;\nmargin-bottom:0px;\n}\n.flex_column.av-2x0ya9-412d0fe846f77c3db836f864c6ae1348{\nborder-radius:0px 0px 0px 0px;\npadding:0px 0px 0px 0px;\n}\n.responsive #top #wrap_all .flex_column.av-2x0ya9-412d0fe846f77c3db836f864c6ae1348{\nmargin-top:0px;\nmargin-bottom:0px;\n}\n<\/style>\n<div  class='flex_column av-2x0ya9-412d0fe846f77c3db836f864c6ae1348 av_one_full  avia-builder-el-3  el_after_av_one_full  avia-builder-el-last  first flex_column_div av-animated-generic bottom-to-top av-zero-column-padding  column-top-margin'     ><section  class='av_textblock_section av-2rcnch-6373325abdc9722b4559c1cda2811bf6 '   itemscope=\"itemscope\" itemtype=\"https:\/\/schema.org\/CreativeWork\" ><div class='avia_textblock'  itemprop=\"text\" ><ul>\n<li>\u00dcberwachung der ordnungsgem\u00e4\u00dfen Ausf\u00fchrung der Bauarbeiten<\/li>\n<li>Begutachtung der Bausubstanz bestehender Geb\u00e4ude<\/li>\n<li>Standsicherheitspr\u00fcfungen<\/li>\n<li>Instandsetzungskonzepte<\/li>\n<\/ul>\n<\/div><\/section><\/div>\n","protected":false},"excerpt":{"rendered":"","protected":false},"author":2,"featured_media":0,"parent":251,"menu_order":0,"comment_status":"closed","ping_status":"closed","template":"","meta":{"_acf_changed":false,"footnotes":""},"class_list":["post-113","page","type-page","status-publish","hentry"],"acf":[],"_links":{"self":[{"href":"https:\/\/www.m-s-planungsbuero.de\/index.php?rest_route=\/wp\/v2\/pages\/113","targetHints":{"allow":["GET"]}}],"collection":[{"href":"https:\/\/www.m-s-planungsbuero.de\/index.php?rest_route=\/wp\/v2\/pages"}],"about":[{"href":"https:\/\/www.m-s-planungsbuero.de\/index.php?rest_route=\/wp\/v2\/types\/page"}],"author":[{"embeddable":true,"href":"https:\/\/www.m-s-planungsbuero.de\/index.php?rest_route=\/wp\/v2\/users\/2"}],"replies":[{"embeddable":true,"href":"https:\/\/www.m-s-planungsbuero.de\/index.php?rest_route=%2Fwp%2Fv2%2Fcomments&post=113"}],"version-history":[{"count":3,"href":"https:\/\/www.m-s-planungsbuero.de\/index.php?rest_route=\/wp\/v2\/pages\/113\/revisions"}],"predecessor-version":[{"id":3056,"href":"https:\/\/www.m-s-planungsbuero.de\/index.php?rest_route=\/wp\/v2\/pages\/113\/revisions\/3056"}],"up":[{"embeddable":true,"href":"https:\/\/www.m-s-planungsbuero.de\/index.php?rest_route=\/wp\/v2\/pages\/251"}],"wp:attachment":[{"href":"https:\/\/www.m-s-planungsbuero.de\/index.php?rest_route=%2Fwp%2Fv2%2Fmedia&parent=113"}],"curies":[{"name":"wp","href":"https:\/\/api.w.org\/{rel}","templated":true}]}}