{"id":804,"date":"2020-11-09T13:20:14","date_gmt":"2020-11-09T12:20:14","guid":{"rendered":"https:\/\/elektroplanung-kaiser.de\/neu\/?page_id=804"},"modified":"2021-03-28T21:55:36","modified_gmt":"2021-03-28T19:55:36","slug":"buerogemeinschaft","status":"publish","type":"page","link":"https:\/\/www.m-s-planungsbuero.de\/?page_id=804","title":{"rendered":"B\u00fcrogemeinschaft"},"content":{"rendered":"\n<style type=\"text\/css\" data-created_by=\"avia_inline_auto\" id=\"style-css-av-2l707c-5b52071cf241abd04630a00f5648e45b\">\n#top .flex_column.av-2l707c-5b52071cf241abd04630a00f5648e45b{\nmargin-top:0px;\nmargin-bottom:0px;\n}\n.flex_column.av-2l707c-5b52071cf241abd04630a00f5648e45b{\nborder-radius:0px 0px 0px 0px;\npadding:0px 0px 0px 0px;\n}\n.responsive #top #wrap_all .flex_column.av-2l707c-5b52071cf241abd04630a00f5648e45b{\nmargin-top:0px;\nmargin-bottom:0px;\n}\n<\/style>\n<div  class='flex_column av-2l707c-5b52071cf241abd04630a00f5648e45b av_one_full  avia-builder-el-0  el_before_av_one_full  avia-builder-el-first  first flex_column_div av-animated-generic bottom-to-top av-zero-column-padding  '     ><p>\n<style type=\"text\/css\" data-created_by=\"avia_inline_auto\" id=\"style-css-av-kl9xithr-c5db33b4ff44d182ac8e8b8a4efda3ce\">\n#top .av-special-heading.av-kl9xithr-c5db33b4ff44d182ac8e8b8a4efda3ce{\npadding-bottom:0;\n}\nbody .av-special-heading.av-kl9xithr-c5db33b4ff44d182ac8e8b8a4efda3ce .av-special-heading-tag .heading-char{\nfont-size:25px;\n}\n.av-special-heading.av-kl9xithr-c5db33b4ff44d182ac8e8b8a4efda3ce .av-subheading{\nfont-size:15px;\n}\n<\/style>\n<div  class='av-special-heading av-kl9xithr-c5db33b4ff44d182ac8e8b8a4efda3ce av-special-heading-h1 blockquote modern-quote  avia-builder-el-1  el_before_av_hr  avia-builder-el-first '><h1 class='av-special-heading-tag '  itemprop=\"headline\"  >B\u00fcrogemeinschaft<\/h1><div class=\"special-heading-border\"><div class=\"special-heading-inner-border\"><\/div><\/div><\/div><br \/>\n\n<style type=\"text\/css\" data-created_by=\"avia_inline_auto\" id=\"style-css-av-26ylg0-515b3d16b795d8b28284973fd27bfe30\">\n#top .hr.av-26ylg0-515b3d16b795d8b28284973fd27bfe30{\nmargin-top:10px;\nmargin-bottom:10px;\n}\n.hr.av-26ylg0-515b3d16b795d8b28284973fd27bfe30 .hr-inner{\nwidth:50px;\nborder-color:#918a56;\n}\n<\/style>\n<div  class='hr av-26ylg0-515b3d16b795d8b28284973fd27bfe30 hr-custom  avia-builder-el-2  el_after_av_heading  avia-builder-el-last  hr-left hr-icon-no'><span class='hr-inner inner-border-av-border-fat'><span class=\"hr-inner-style\"><\/span><\/span><\/div><\/p><\/div>\n\n<style type=\"text\/css\" data-created_by=\"avia_inline_auto\" id=\"style-css-av-af3pg-f719df935427b06641dbac9830ee9f4f\">\n.flex_column.av-af3pg-f719df935427b06641dbac9830ee9f4f{\nborder-radius:0px 0px 0px 0px;\npadding:0px 0px 0px 0px;\n}\n<\/style>\n<div  class='flex_column av-af3pg-f719df935427b06641dbac9830ee9f4f av_one_full  avia-builder-el-3  el_after_av_one_full  el_before_av_textblock  first flex_column_div av-zero-column-padding  column-top-margin'     ><section  class='av_textblock_section av-khl1ywj3-736d66c4468edd05a7ac894619184ba7 '   itemscope=\"itemscope\" itemtype=\"https:\/\/schema.org\/CreativeWork\" ><div class='avia_textblock'  itemprop=\"text\" ><h3 style=\"text-align: center;\"><strong>Heizung \u2013 L\u00fcftung <\/strong><strong>\u2013 <\/strong><strong>Sanit\u00e4r \u2013 K\u00e4lte \u2013 Sprinkler <\/strong><strong>\u2013 <\/strong><strong>MSR <\/strong><strong>\u2013\u00a0<\/strong><strong>Elektro <\/strong><strong>\u2013 <\/strong><strong>Statik<\/strong><\/h3>\n<\/div><\/section><br \/>\n\n<style type=\"text\/css\" data-created_by=\"avia_inline_auto\" id=\"style-css-av-26ylg0-c470ae5dbecd7112ac9b25d0b5936cd3\">\n#top .hr.hr-invisible.av-26ylg0-c470ae5dbecd7112ac9b25d0b5936cd3{\nheight:30px;\n}\n<\/style>\n<div  class='hr av-26ylg0-c470ae5dbecd7112ac9b25d0b5936cd3 hr-invisible  avia-builder-el-5  el_after_av_textblock  avia-builder-el-last '><span class='hr-inner '><span class=\"hr-inner-style\"><\/span><\/span><\/div><\/p><\/div><section  class='av_textblock_section av-khl1zt53-7ddaf9bd4f18625f42203d0235b49aba '   itemscope=\"itemscope\" itemtype=\"https:\/\/schema.org\/CreativeWork\" ><div class='avia_textblock'  itemprop=\"text\" ><p style=\"text-align: left;\"><span style=\"font-size: 11pt; font-family: 'open sans', helvetica, sans-serif;\">TGA Planung und Statik aus einem B\u00fcro!<\/span><\/p>\n<p style=\"text-align: left;\"><span style=\"font-size: 11pt; font-family: 'open sans', helvetica, sans-serif;\">gemeinsam genutzte R\u00e4umlichkeiten -&gt; rechtlich 3 getrennte Firmen!<\/span><\/p>\n<\/div><\/section><\/p>\n\n<style type=\"text\/css\" data-created_by=\"avia_inline_auto\" id=\"style-css-av-gcepw-7fd8c03c17e7506bcb41396c332967f5\">\n.flex_column.av-gcepw-7fd8c03c17e7506bcb41396c332967f5{\nborder-radius:0px 0px 0px 0px;\npadding:0px 0px 0px 0px;\n}\n<\/style>\n<div  class='flex_column av-gcepw-7fd8c03c17e7506bcb41396c332967f5 av_one_full  avia-builder-el-7  el_after_av_textblock  el_before_av_hr  first flex_column_div av-animated-generic fade-in av-zero-column-padding  column-top-margin'     ><style type=\"text\/css\" data-created_by=\"avia_inline_auto\" id=\"style-css-sub-av-khl1wi1u-685479791b688290523fc099c0bf88f6\">\n.av-hotspot-image-container .av-image-hotspot.av-de2sc-e9fd340e103cf47961d97d2957af6b2d{\ntop:19.5%;\nleft:3.3%;\n}\n.av-hotspot-image-container .av-image-hotspot.av-99qic-15d5024540361427d80f57e22d2bdc61{\ntop:32.2%;\nleft:41.6%;\n}\n.av-hotspot-image-container .av-image-hotspot.av-az9sc-8a5de211e72c0f894b19376f86923041{\ntop:37.9%;\nleft:83%;\n}\n<\/style>\n<div  class='av-hotspot-image-container av-khl1wi1u-685479791b688290523fc099c0bf88f6  avia-builder-el-8  avia-builder-el-no-sibling  av-hotspot-blank avia_animated_image avia_animate_when_almost_visible fade-in av-mobile-fallback-active  av-non-fullwidth-hotspot-image'  itemprop=\"image\" itemscope=\"itemscope\" itemtype=\"https:\/\/schema.org\/ImageObject\" ><div class='av-hotspot-container'><div class='av-hotspot-container-inner-cell'><div class='av-hotspot-container-inner-wrap'><div class='av-image-hotspot av-de2sc-e9fd340e103cf47961d97d2957af6b2d av-image-hotspot-1 ' data-avia-tooltip-position='top' data-avia-tooltip-alignment='left' data-avia-tooltip-class='av-tt-default-width av-tt-pos-above av-tt-align-left  av-mobile-fallback-active  main_color av-tt-hotspot' data-avia-tooltip='&lt;p&gt;&lt;strong&gt;Michael Kaiser&lt;\/strong&gt;&lt;\/p&gt;\n'><div class='av-image-hotspot_inner'>1<\/div><div class='av-image-hotspot-pulse'><\/div><\/div><div class='av-image-hotspot av-99qic-15d5024540361427d80f57e22d2bdc61 av-image-hotspot-2 ' data-avia-tooltip-position='top' data-avia-tooltip-alignment='left' data-avia-tooltip-class='av-tt-default-width av-tt-pos-above av-tt-align-left  av-mobile-fallback-active  main_color av-tt-hotspot' data-avia-tooltip='&lt;p&gt;&lt;strong&gt;Martin Schie\u00dfl&lt;\/strong&gt;&lt;\/p&gt;\n'><div class='av-image-hotspot_inner'>2<\/div><div class='av-image-hotspot-pulse'><\/div><\/div><div class='av-image-hotspot av-az9sc-8a5de211e72c0f894b19376f86923041 av-image-hotspot-3 ' data-avia-tooltip-position='top' data-avia-tooltip-alignment='left' data-avia-tooltip-class='av-tt-default-width av-tt-pos-above av-tt-align-left  av-mobile-fallback-active  main_color av-tt-hotspot' data-avia-tooltip='&lt;p&gt;&lt;strong&gt;Gerald Schmidt&lt;\/strong&gt;&lt;\/p&gt;\n'><div class='av-image-hotspot_inner'>3<\/div><div class='av-image-hotspot-pulse'><\/div><\/div><img decoding=\"async\" fetchpriority=\"high\" class='wp-image-2266 avia-img-lazy-loading-not-2266 avia_image' src=\"https:\/\/www.m-s-planungsbuero.de\/wp-content\/uploads\/2020\/12\/KSS-scaled-1-1030x562.jpg\" alt='' title='KSS'  height=\"562\" width=\"1030\"  itemprop=\"thumbnailUrl\" srcset=\"https:\/\/www.m-s-planungsbuero.de\/wp-content\/uploads\/2020\/12\/KSS-scaled-1-1030x562.jpg 1030w, https:\/\/www.m-s-planungsbuero.de\/wp-content\/uploads\/2020\/12\/KSS-scaled-1-300x164.jpg 300w, https:\/\/www.m-s-planungsbuero.de\/wp-content\/uploads\/2020\/12\/KSS-scaled-1-768x419.jpg 768w, https:\/\/www.m-s-planungsbuero.de\/wp-content\/uploads\/2020\/12\/KSS-scaled-1-1536x838.jpg 1536w, https:\/\/www.m-s-planungsbuero.de\/wp-content\/uploads\/2020\/12\/KSS-scaled-1-2048x1118.jpg 2048w, https:\/\/www.m-s-planungsbuero.de\/wp-content\/uploads\/2020\/12\/KSS-scaled-1-1500x819.jpg 1500w, https:\/\/www.m-s-planungsbuero.de\/wp-content\/uploads\/2020\/12\/KSS-scaled-1-705x385.jpg 705w\" sizes=\"(max-width: 1030px) 100vw, 1030px\" \/><\/div><\/div><\/div><div class='av-hotspot-fallback-tooltip av-image-hotspot-1 '><div class=\"av-hotspot-fallback-tooltip-count\">1<div class=\"avia-arrow\"><\/div><\/div><div class=\"av-hotspot-fallback-tooltip-inner clearfix\"><p>\n<strong>Michael Kaiser<\/strong><\/p>\n<\/div><\/div><div class='av-hotspot-fallback-tooltip av-image-hotspot-2 '><div class=\"av-hotspot-fallback-tooltip-count\">2<div class=\"avia-arrow\"><\/div><\/div><div class=\"av-hotspot-fallback-tooltip-inner clearfix\"><p>\n<strong>Martin Schie\u00dfl<\/strong><\/p>\n<\/div><\/div><div class='av-hotspot-fallback-tooltip av-image-hotspot-3 '><div class=\"av-hotspot-fallback-tooltip-count\">3<div class=\"avia-arrow\"><\/div><\/div><div class=\"av-hotspot-fallback-tooltip-inner clearfix\"><p>\n<strong>Gerald Schmidt<\/strong><\/p>\n<\/div><\/div><\/div><\/div>\n\n<style type=\"text\/css\" data-created_by=\"avia_inline_auto\" id=\"style-css-av-khfgpy4b-c43ce68991a255d5428677a61d82c2b3\">\n#top .hr.hr-invisible.av-khfgpy4b-c43ce68991a255d5428677a61d82c2b3{\nheight:50px;\n}\n<\/style>\n<div  class='hr av-khfgpy4b-c43ce68991a255d5428677a61d82c2b3 hr-invisible  avia-builder-el-9  el_after_av_one_full  el_before_av_textblock '><span class='hr-inner '><span class=\"hr-inner-style\"><\/span><\/span><\/div>\n<section  class='av_textblock_section av-khl1zt53-ce2ca73f4d013e720ab0450ae379ad89 '   itemscope=\"itemscope\" itemtype=\"https:\/\/schema.org\/CreativeWork\" ><div class='avia_textblock'  itemprop=\"text\" ><p style=\"text-align: left;\"><span style=\"font-size: 11pt; font-family: 'open sans', helvetica, sans-serif;\">Um unseren langj\u00e4hrigen sowie neuen Auftraggebern bestm\u00f6gliche Planungsqualit\u00e4t im\u00a0 Bereich der technischen Geb\u00e4udeausr\u00fcstung zu liefern, sind wir im Jahr 2013 den n\u00e4chsten Schritt gegangen und haben eine B\u00fcrogemeinschaft mit unseren Planungspartnern <span style=\"color: #ff6600;\">IB Schie\u00dfl GmbH <\/span>und <span style=\"color: #008000;\">PB Kaiser Elektroplanung<\/span><span style=\"color: #993300;\">\u00a0<\/span>gegr\u00fcndet.<\/span><\/p>\n<p style=\"text-align: left;\"><span style=\"font-size: 11pt; font-family: 'open sans', helvetica, sans-serif;\">Kurze Wege, einfache gewerks\u00fcbergreifende Koordination, gemeinsam genutzte Technik und Synergieeffekte in allen Leistungsphasen der HOAI machen sich dabei bezahlt und haben unsere Planung stetig verbessert.<\/span><\/p>\n<\/div><\/section>\n","protected":false},"excerpt":{"rendered":"","protected":false},"author":2,"featured_media":0,"parent":0,"menu_order":0,"comment_status":"closed","ping_status":"closed","template":"","meta":{"_acf_changed":false,"footnotes":""},"class_list":["post-804","page","type-page","status-publish","hentry"],"acf":[],"_links":{"self":[{"href":"https:\/\/www.m-s-planungsbuero.de\/index.php?rest_route=\/wp\/v2\/pages\/804","targetHints":{"allow":["GET"]}}],"collection":[{"href":"https:\/\/www.m-s-planungsbuero.de\/index.php?rest_route=\/wp\/v2\/pages"}],"about":[{"href":"https:\/\/www.m-s-planungsbuero.de\/index.php?rest_route=\/wp\/v2\/types\/page"}],"author":[{"embeddable":true,"href":"https:\/\/www.m-s-planungsbuero.de\/index.php?rest_route=\/wp\/v2\/users\/2"}],"replies":[{"embeddable":true,"href":"https:\/\/www.m-s-planungsbuero.de\/index.php?rest_route=%2Fwp%2Fv2%2Fcomments&post=804"}],"version-history":[{"count":3,"href":"https:\/\/www.m-s-planungsbuero.de\/index.php?rest_route=\/wp\/v2\/pages\/804\/revisions"}],"predecessor-version":[{"id":3430,"href":"https:\/\/www.m-s-planungsbuero.de\/index.php?rest_route=\/wp\/v2\/pages\/804\/revisions\/3430"}],"wp:attachment":[{"href":"https:\/\/www.m-s-planungsbuero.de\/index.php?rest_route=%2Fwp%2Fv2%2Fmedia&parent=804"}],"curies":[{"name":"wp","href":"https:\/\/api.w.org\/{rel}","templated":true}]}}